{"id":45,"date":"2024-10-10T16:01:10","date_gmt":"2024-10-10T14:01:10","guid":{"rendered":"https:\/\/hypnose-emdr-saint-brieuc.fr\/?page_id=45"},"modified":"2026-02-02T11:00:46","modified_gmt":"2026-02-02T10:00:46","slug":"emdr-imo-votre-hypnotherapeute-st-brieuc","status":"publish","type":"page","link":"https:\/\/hypnose-emdr-saint-brieuc.fr\/index.php\/emdr-imo-votre-hypnotherapeute-st-brieuc\/","title":{"rendered":"EMDR-IMO"},"content":{"rendered":"\n<p>\u260e\ufe0f <strong>Sandy PEDRON &#8211; <a href=\"tel:0775727917\">07 75 72 79 17<\/a><\/strong> <em>\u260e\ufe0f<\/em><\/p>\n\n\n\n<p><strong>NOUVEAU : <\/strong>PRISE de rendez-vous en ligne,   cliquer ici : <strong><a href=\"https:\/\/meet.brevo.com\/sandy-pedron\" data-type=\"link\" data-id=\"https:\/\/meet.brevo.com\/sandy-pedron\/rendez-vous-de-suivi\">AGENDA GOOGLE<\/a><\/strong><\/p>\n\n\n\n<p>31 rue de la Gare 22 000 Saint-Brieuc<\/p>\n\n\n\n<h1 class=\"wp-block-heading\"><strong>EMDR-IMO<\/strong><\/h1>\n\n\n\n<p class=\"has-text-align-left has-medium-font-size\"><strong>Pour qui et pour quoi&nbsp;?<\/strong><\/p>\n\n\n\n<div class=\"wp-block-group is-nowrap is-layout-flex wp-container-core-group-is-layout-ad2f72ca wp-block-group-is-layout-flex\">\n<ul class=\"wp-block-list\">\n<li><strong>Troubles Obsessionnels  Compulsifs<\/strong><\/li>\n\n\n\n<li><strong>Stress post traumatique <\/strong><\/li>\n\n\n\n<li><strong>Phobies<\/strong><\/li>\n<\/ul>\n\n\n\n<figure class=\"wp-block-image size-large is-resized\"><img loading=\"lazy\" decoding=\"async\" width=\"1024\" height=\"683\" src=\"https:\/\/hypnose-emdr-saint-brieuc.fr\/wp-content\/uploads\/2025\/09\/emdr-bureau-3-1024x683.jpg\" alt=\"\" class=\"wp-image-485\" style=\"width:308px;height:auto\" srcset=\"https:\/\/hypnose-emdr-saint-brieuc.fr\/wp-content\/uploads\/2025\/09\/emdr-bureau-3-1024x683.jpg 1024w, https:\/\/hypnose-emdr-saint-brieuc.fr\/wp-content\/uploads\/2025\/09\/emdr-bureau-3-300x200.jpg 300w, https:\/\/hypnose-emdr-saint-brieuc.fr\/wp-content\/uploads\/2025\/09\/emdr-bureau-3-768x512.jpg 768w, https:\/\/hypnose-emdr-saint-brieuc.fr\/wp-content\/uploads\/2025\/09\/emdr-bureau-3-1536x1024.jpg 1536w, https:\/\/hypnose-emdr-saint-brieuc.fr\/wp-content\/uploads\/2025\/09\/emdr-bureau-3.jpg 2048w\" sizes=\"auto, (max-width: 706px) 89vw, (max-width: 767px) 82vw, 740px\" \/><\/figure>\n<\/div>\n\n\n\n<p class=\"has-text-align-left\">&nbsp;<\/p>\n\n\n\n<p class=\"has-text-align-left\"><strong>Les bienfaits de l\u2019EMDR-IMO<\/strong><\/p>\n\n\n\n<p>L\u2019EMDR-IMO offre de nombreux bienfaits, notamment :<\/p>\n\n\n\n<p>L\u2019EMDR est particuli\u00e8rement efficace pour traiter et r\u00e9duire les sympt\u00f4mes de stress post-traumatique.<\/p>\n\n\n\n<ul class=\"wp-block-list\">\n<li>L\u2019EMDR-IMO r\u00e9duit vos sympt\u00f4mes de stress post-traumatique, cette m\u00e9thode est tr\u00e8s efficace pour les traiter, vous aider \u00e0 surmonter les souvenirs traumatiques et \u00e0 r\u00e9duire les sympt\u00f4mes tels que les cauchemars et la reviviscence du trauma.<\/li>\n\n\n\n<li>En traitant les traumatismes, cela am\u00e9liore la sant\u00e9 mentale globale, r\u00e9duit l\u2019anxi\u00e9t\u00e9, la d\u00e9pression et par ricochet les autres troubles li\u00e9s au stress post-traumatique.<\/li>\n\n\n\n<li>En comparaison avec d\u2019autres m\u00e9thodes th\u00e9rapeutiques pour les psycho-trauma, les r\u00e9sultats sont tr\u00e8s rapides en EMDR-IMO, puis que quelques s\u00e9ances suffisent.<\/li>\n\n\n\n<li>Les r\u00e9sultats obtenus avec l\u2019EMDR sont durables et rapides.<\/li>\n\n\n\n<li>Cette m\u00e9thode peut \u00eatre utilis\u00e9e pour traiter une vari\u00e9t\u00e9 de traumatismes, qu\u2019ils soient li\u00e9s \u00e0 un \u00e9v\u00e8nement r\u00e9cent ou \u00e0 des exp\u00e9riences bien plus anciennes.<\/li>\n<\/ul>\n\n\n\n<p><strong>Les principes de l&#8217;EMDR<\/strong>&nbsp;Le mouvement rythmique des deux yeux agit au niveau des connexions c\u00e9r\u00e9brales, de la m\u00eame fa\u00e7on que celui qui a lieu spontan\u00e9ment lorsque vous r\u00eavez. Les r\u00eaves ont comme fonction de traiter les informations traumatiques. Cette stimulation oculaire traite l&#8217;information traumatique dans le cortex et non plus dans le cerveau limbique li\u00e9 aux \u00e9motions. Cette m\u00e9thode vous aide \u00e0 retraiter le souvenir jusqu\u2019\u00e0 ce qu\u2019il soit \u00e9motionnellement acceptable comme s\u2019il \u00e9tait loin dans votre m\u00e9moire. Il est donc mis \u00e0 distance. Tout le long de nos s\u00e9ances EMDR-IMO \u00e0 mon cabinet de Saint-Brieuc, j\u2019associe EMDR-IMO avec l\u2019hypnose pour obtenir un meilleur r\u00e9sultat.<\/p>\n\n\n\n<p><strong>Le Code de d\u00e9ontologie de EMDR-IMO est bas\u00e9 sur des principes \u00e9thiques clairs,  de l&#8217;association <a href=\"https:\/\/www.france-emdr-imo.fr\/Sandy-PEDRON_a118.html\" data-type=\"link\" data-id=\"https:\/\/www.france-emdr-imo.fr\/Sandy-PEDRON_a118.html\">France EMDR-IMO<\/a><\/strong><\/p>\n\n\n\n<p><strong>Afin de m&#8217;assurer de ma bonne pratique et de bien suivre le code de d\u00e9ontologie, je me fais superviser chaque mois par un pair, et je poursuis un suivi personnel par un psychiatre.<\/strong><\/p>\n\n\n\n<p><strong>Merci de me <a href=\"https:\/\/hypnose-emdr-saint-brieuc.fr\/index.php\/contractez-votre-hypnotherapeute-st-brieuc\/\">contacter<\/a> pour une prise de RDV <\/strong><\/p>\n\n\n\n<p>\u260e\ufe0f <strong>Sandy PEDRON<\/strong> &#8211; <strong><a href=\"tel:0775727917\">07 75 72 79 17<\/a><\/strong> <em>\u260e\ufe0f<\/em><\/p>\n\n\n\n<p><strong>PRISE de rendez-vous en ligne, cliquer ici : <a href=\"https:\/\/meet.brevo.com\/sandy-pedron\" data-type=\"link\" data-id=\"https:\/\/meet.brevo.com\/sandy-pedron\/rendez-vous-de-suivi\">AGENDA GOOGLE<\/a><\/strong><\/p>\n\n\n\n<p>31 rue de la Gare 22 000 Saint-Brieuc<\/p>\n","protected":false},"excerpt":{"rendered":"<p>\u260e\ufe0f Sandy PEDRON &#8211; 07 75 72 79 17 \u260e\ufe0f NOUVEAU : PRISE de rendez-vous en ligne, cliquer ici : AGENDA GOOGLE 31 rue de la Gare 22 000 Saint-Brieuc EMDR-IMO Pour qui et pour quoi&nbsp;? &nbsp; Les bienfaits de l\u2019EMDR-IMO L\u2019EMDR-IMO offre de nombreux bienfaits, notamment : L\u2019EMDR est particuli\u00e8rement efficace pour traiter et &hellip; <\/p>\n<p class=\"link-more\"><a href=\"https:\/\/hypnose-emdr-saint-brieuc.fr\/index.php\/emdr-imo-votre-hypnotherapeute-st-brieuc\/\" class=\"more-link\">Continue reading<span class=\"screen-reader-text\"> &#8220;EMDR-IMO&#8221;<\/span><\/a><\/p>\n","protected":false},"author":1,"featured_media":0,"parent":0,"menu_order":0,"comment_status":"closed","ping_status":"closed","template":"","meta":{"footnotes":""},"class_list":["post-45","page","type-page","status-publish","hentry"],"_links":{"self":[{"href":"https:\/\/hypnose-emdr-saint-brieuc.fr\/index.php\/wp-json\/wp\/v2\/pages\/45","targetHints":{"allow":["GET"]}}],"collection":[{"href":"https:\/\/hypnose-emdr-saint-brieuc.fr\/index.php\/wp-json\/wp\/v2\/pages"}],"about":[{"href":"https:\/\/hypnose-emdr-saint-brieuc.fr\/index.php\/wp-json\/wp\/v2\/types\/page"}],"author":[{"embeddable":true,"href":"https:\/\/hypnose-emdr-saint-brieuc.fr\/index.php\/wp-json\/wp\/v2\/users\/1"}],"replies":[{"embeddable":true,"href":"https:\/\/hypnose-emdr-saint-brieuc.fr\/index.php\/wp-json\/wp\/v2\/comments?post=45"}],"version-history":[{"count":35,"href":"https:\/\/hypnose-emdr-saint-brieuc.fr\/index.php\/wp-json\/wp\/v2\/pages\/45\/revisions"}],"predecessor-version":[{"id":571,"href":"https:\/\/hypnose-emdr-saint-brieuc.fr\/index.php\/wp-json\/wp\/v2\/pages\/45\/revisions\/571"}],"wp:attachment":[{"href":"https:\/\/hypnose-emdr-saint-brieuc.fr\/index.php\/wp-json\/wp\/v2\/media?parent=45"}],"curies":[{"name":"wp","href":"https:\/\/api.w.org\/{rel}","templated":true}]}}