{"id":37,"date":"2024-10-11T14:42:36","date_gmt":"2024-10-11T12:42:36","guid":{"rendered":"https:\/\/hypnose-emdr-saint-brieuc.fr\/?page_id=37"},"modified":"2026-02-02T11:04:38","modified_gmt":"2026-02-02T10:04:38","slug":"tarifs-hypnose-emdr-st-brieuc","status":"publish","type":"page","link":"https:\/\/hypnose-emdr-saint-brieuc.fr\/index.php\/tarifs-hypnose-emdr-st-brieuc\/","title":{"rendered":"Tarifs"},"content":{"rendered":"<div class=\"wp-block-image\">\n<figure class=\"aligncenter size-full is-resized\"><img loading=\"lazy\" decoding=\"async\" width=\"584\" height=\"476\" src=\"http:\/\/hypnose-emdr-saint-brieuc.fr\/wp-content\/uploads\/2024\/10\/table-bureau.jpg\" alt=\"\" class=\"wp-image-150\" style=\"width:234px;height:auto\" srcset=\"https:\/\/hypnose-emdr-saint-brieuc.fr\/wp-content\/uploads\/2024\/10\/table-bureau.jpg 584w, https:\/\/hypnose-emdr-saint-brieuc.fr\/wp-content\/uploads\/2024\/10\/table-bureau-300x245.jpg 300w\" sizes=\"auto, (max-width: 584px) 100vw, 584px\" \/><\/figure>\n<\/div>\n\n\n<p class=\"has-text-align-center\"><strong><a href=\"https:\/\/hypnose-emdr-saint-brieuc.fr\">Hypnose M\u00e9dicale<\/a><\/strong><\/p>\n\n\n\n<p class=\"has-text-align-center\">S\u00e9ance Individuelle&nbsp;&nbsp;&nbsp;&nbsp;&nbsp;&nbsp;&nbsp;&nbsp;&nbsp;&nbsp;&nbsp;&nbsp;&nbsp;&nbsp;&nbsp;&nbsp;&nbsp;&nbsp;&nbsp;&nbsp;&nbsp;&nbsp;&nbsp;&nbsp;&nbsp;&nbsp;&nbsp;&nbsp;&nbsp;&nbsp;&nbsp;&nbsp;&nbsp;&nbsp;&nbsp;&nbsp;&nbsp;&nbsp;  <strong>60 \u20ac<\/strong><\/p>\n\n\n\n<p class=\"has-text-align-center\"><strong><a href=\"https:\/\/hypnose-emdr-saint-brieuc.fr\/index.php\/emdr-imo\/\">EMDR-IMO<\/a><\/strong><\/p>\n\n\n\n<p class=\"has-text-align-center\">S\u00e9ance Individuelle&nbsp;&nbsp;&nbsp;&nbsp;&nbsp;&nbsp;&nbsp;&nbsp;&nbsp;&nbsp;&nbsp;&nbsp;&nbsp;&nbsp;&nbsp;&nbsp;&nbsp;&nbsp;&nbsp;&nbsp;&nbsp;&nbsp;&nbsp;&nbsp;&nbsp;&nbsp;&nbsp;&nbsp;&nbsp;&nbsp;&nbsp;&nbsp;&nbsp;&nbsp;&nbsp;&nbsp;&nbsp;&nbsp;<strong> 60 \u20ac<\/strong><\/p>\n\n\n\n<p class=\"has-text-align-center\"><strong><a href=\"https:\/\/hypnose-emdr-saint-brieuc.fr\/index.php\/art-therapie-contemporaine\/\">Art-th\u00e9rapie\/ m\u00e9diation artistique<\/a><\/strong><\/p>\n\n\n\n<p class=\"has-text-align-center\">S\u00e9ance Individuelle&nbsp;&nbsp;&nbsp;&nbsp;&nbsp;&nbsp;&nbsp;&nbsp;&nbsp;&nbsp;&nbsp;&nbsp;&nbsp;&nbsp;&nbsp;&nbsp;&nbsp;&nbsp;&nbsp;&nbsp;&nbsp;&nbsp;&nbsp;&nbsp;&nbsp;&nbsp;&nbsp;&nbsp;&nbsp;&nbsp;&nbsp;&nbsp;&nbsp;&nbsp;&nbsp;&nbsp;&nbsp;&nbsp;  <strong>60 \u20ac<\/strong><\/p>\n\n\n\n<p class=\"has-text-align-center\">S\u00e9ance de groupe&nbsp;&nbsp;&nbsp;&nbsp;&nbsp;&nbsp;&nbsp;&nbsp;&nbsp;&nbsp;&nbsp;&nbsp;&nbsp;&nbsp;&nbsp;&nbsp;&nbsp;&nbsp;&nbsp;&nbsp;&nbsp;&nbsp;&nbsp;&nbsp;&nbsp;&nbsp;&nbsp;&nbsp;&nbsp;&nbsp;&nbsp;&nbsp;&nbsp;&nbsp;&nbsp;&nbsp;&nbsp;&nbsp;   <strong>40 \u20ac<\/strong><\/p>\n\n\n\n<p class=\"has-text-align-center\">Les s\u00e9ances de groupes sont de 4 \u00e0 6 personnes suivant le th\u00e8me abord\u00e9.<\/p>\n\n\n\n<p class=\"has-text-align-center\"><strong>Modes de r\u00e8glements <\/strong>:&nbsp;Ch\u00e8que,&nbsp;Esp\u00e8ces, Virement bancaire.<\/p>\n\n\n\n<p class=\"has-text-align-center\"><strong>Toute s\u00e9ance d\u00e9command\u00e9e moins de 48H \u00e0 l&#8217;avance, comme non honor\u00e9e, sera due<\/strong>.<\/p>\n\n\n\n<p class=\"has-text-align-center\">Certaines mutuelles prennent en charge des s\u00e9ances,  une facture pourra \u00eatre remise<\/p>\n\n\n\n<p class=\"has-text-align-center\"><strong><a href=\"https:\/\/www.resalib.fr\/remboursement\/mutuelle\/specialite\/60-hypnotherapeute\" data-type=\"link\" data-id=\"https:\/\/www.resalib.fr\/remboursement\/mutuelle\/specialite\/60-hypnotherapeute\">Quelles mutuelles rembourses<\/a><\/strong>?<img decoding=\"async\" class=\"wp-image-489\" style=\"width: NaNpx;\" src=\"http:\/\/hypnose-emdr-saint-brieuc.fr\/wp-content\/uploads\/2025\/10\/illustration-vectorielle-icone-fleche-gauche-3d_108108715.htm\" alt=\"\"><\/p>\n\n\n\n<p class=\"has-text-align-center\">\u260e\ufe0f <strong>Sandy PEDRON &#8211; <a href=\"tel:0775727917\">07 75 72 79 17<\/a><\/strong> <em>\u260e\ufe0f<\/em><\/p>\n\n\n\n<p class=\"has-text-align-center\"><strong>NOUVEAU : <\/strong>PRISE de rendez-vous en ligne,   cliquer ici : <strong><a href=\"https:\/\/meet.brevo.com\/sandy-pedron\" data-type=\"link\" data-id=\"https:\/\/meet.brevo.com\/sandy-pedron\/rendez-vous-de-suivi\">AGENDA GOOGLE<\/a><\/strong><\/p>\n\n\n\n<p class=\"has-text-align-center\">31 rue de la Gare 22 000 Saint-Brieuc<\/p>\n\n\n\n<div class=\"wp-block-group\"><div class=\"wp-block-group__inner-container is-layout-constrained wp-block-group-is-layout-constrained\">\n<p class=\"has-text-align-center\"><strong>INSTITUTIONS<\/strong><\/p>\n<\/div><\/div>\n\n\n\n<p class=\"has-text-align-center\">H\u00f4pital psychiatrique<\/p>\n\n\n\n<p class=\"has-text-align-center\">P\u00e9dopsychiatrie<\/p>\n\n\n\n<p class=\"has-text-align-center\">Maison du jour, CMP, EPAD\u2026<\/p>\n\n\n\n<p class=\"has-text-align-center\">Tout devis sera fait \u00e0 la demande, suivant les besoins du public accueilli et besoins institutionnels.<\/p>\n\n\n\n<p class=\"has-text-align-center\"><strong>Numero de siret : 277072227809613<\/strong><\/p>\n\n\n\n<p class=\"has-text-align-center\">RCPRO<\/p>\n\n\n<div class=\"wp-block-image\">\n<figure class=\"aligncenter size-full is-resized\"><img loading=\"lazy\" decoding=\"async\" width=\"150\" height=\"276\" src=\"http:\/\/hypnose-emdr-saint-brieuc.fr\/wp-content\/uploads\/2024\/10\/chevalet.jpg\" alt=\"\" class=\"wp-image-151\" style=\"width:171px;height:auto\"\/><\/figure>\n<\/div>","protected":false},"excerpt":{"rendered":"<p>Hypnose M\u00e9dicale S\u00e9ance Individuelle&nbsp;&nbsp;&nbsp;&nbsp;&nbsp;&nbsp;&nbsp;&nbsp;&nbsp;&nbsp;&nbsp;&nbsp;&nbsp;&nbsp;&nbsp;&nbsp;&nbsp;&nbsp;&nbsp;&nbsp;&nbsp;&nbsp;&nbsp;&nbsp;&nbsp;&nbsp;&nbsp;&nbsp;&nbsp;&nbsp;&nbsp;&nbsp;&nbsp;&nbsp;&nbsp;&nbsp;&nbsp;&nbsp; 60 \u20ac EMDR-IMO S\u00e9ance Individuelle&nbsp;&nbsp;&nbsp;&nbsp;&nbsp;&nbsp;&nbsp;&nbsp;&nbsp;&nbsp;&nbsp;&nbsp;&nbsp;&nbsp;&nbsp;&nbsp;&nbsp;&nbsp;&nbsp;&nbsp;&nbsp;&nbsp;&nbsp;&nbsp;&nbsp;&nbsp;&nbsp;&nbsp;&nbsp;&nbsp;&nbsp;&nbsp;&nbsp;&nbsp;&nbsp;&nbsp;&nbsp;&nbsp; 60 \u20ac Art-th\u00e9rapie\/ m\u00e9diation artistique S\u00e9ance Individuelle&nbsp;&nbsp;&nbsp;&nbsp;&nbsp;&nbsp;&nbsp;&nbsp;&nbsp;&nbsp;&nbsp;&nbsp;&nbsp;&nbsp;&nbsp;&nbsp;&nbsp;&nbsp;&nbsp;&nbsp;&nbsp;&nbsp;&nbsp;&nbsp;&nbsp;&nbsp;&nbsp;&nbsp;&nbsp;&nbsp;&nbsp;&nbsp;&nbsp;&nbsp;&nbsp;&nbsp;&nbsp;&nbsp; 60 \u20ac S\u00e9ance de groupe&nbsp;&nbsp;&nbsp;&nbsp;&nbsp;&nbsp;&nbsp;&nbsp;&nbsp;&nbsp;&nbsp;&nbsp;&nbsp;&nbsp;&nbsp;&nbsp;&nbsp;&nbsp;&nbsp;&nbsp;&nbsp;&nbsp;&nbsp;&nbsp;&nbsp;&nbsp;&nbsp;&nbsp;&nbsp;&nbsp;&nbsp;&nbsp;&nbsp;&nbsp;&nbsp;&nbsp;&nbsp;&nbsp; 40 \u20ac Les s\u00e9ances de groupes sont de 4 \u00e0 6 personnes suivant le th\u00e8me abord\u00e9. Modes de r\u00e8glements :&nbsp;Ch\u00e8que,&nbsp;Esp\u00e8ces, Virement bancaire. Toute s\u00e9ance d\u00e9command\u00e9e moins de 48H \u00e0 l&#8217;avance, comme non honor\u00e9e, sera &hellip; <\/p>\n<p class=\"link-more\"><a href=\"https:\/\/hypnose-emdr-saint-brieuc.fr\/index.php\/tarifs-hypnose-emdr-st-brieuc\/\" class=\"more-link\">Continue reading<span class=\"screen-reader-text\"> &#8220;Tarifs&#8221;<\/span><\/a><\/p>\n","protected":false},"author":1,"featured_media":0,"parent":0,"menu_order":0,"comment_status":"closed","ping_status":"closed","template":"","meta":{"footnotes":""},"class_list":["post-37","page","type-page","status-publish","hentry"],"_links":{"self":[{"href":"https:\/\/hypnose-emdr-saint-brieuc.fr\/index.php\/wp-json\/wp\/v2\/pages\/37","targetHints":{"allow":["GET"]}}],"collection":[{"href":"https:\/\/hypnose-emdr-saint-brieuc.fr\/index.php\/wp-json\/wp\/v2\/pages"}],"about":[{"href":"https:\/\/hypnose-emdr-saint-brieuc.fr\/index.php\/wp-json\/wp\/v2\/types\/page"}],"author":[{"embeddable":true,"href":"https:\/\/hypnose-emdr-saint-brieuc.fr\/index.php\/wp-json\/wp\/v2\/users\/1"}],"replies":[{"embeddable":true,"href":"https:\/\/hypnose-emdr-saint-brieuc.fr\/index.php\/wp-json\/wp\/v2\/comments?post=37"}],"version-history":[{"count":25,"href":"https:\/\/hypnose-emdr-saint-brieuc.fr\/index.php\/wp-json\/wp\/v2\/pages\/37\/revisions"}],"predecessor-version":[{"id":574,"href":"https:\/\/hypnose-emdr-saint-brieuc.fr\/index.php\/wp-json\/wp\/v2\/pages\/37\/revisions\/574"}],"wp:attachment":[{"href":"https:\/\/hypnose-emdr-saint-brieuc.fr\/index.php\/wp-json\/wp\/v2\/media?parent=37"}],"curies":[{"name":"wp","href":"https:\/\/api.w.org\/{rel}","templated":true}]}}