{"id":30,"date":"2024-10-11T14:13:04","date_gmt":"2024-10-11T12:13:04","guid":{"rendered":"https:\/\/hypnose-emdr-saint-brieuc.fr\/?page_id=30"},"modified":"2026-02-02T11:01:11","modified_gmt":"2026-02-02T10:01:11","slug":"art-therapie-ephemere-votre-hypnotherapeute-st-brieuc","status":"publish","type":"page","link":"https:\/\/hypnose-emdr-saint-brieuc.fr\/index.php\/art-therapie-ephemere-votre-hypnotherapeute-st-brieuc\/","title":{"rendered":"Art-th\u00e9rapie"},"content":{"rendered":"\n<p>\u260e\ufe0f <strong>Sandy PEDRON &#8211; <a href=\"tel:0775727917\">07 75 72 79 17<\/a><\/strong> <em>\u260e\ufe0f<\/em><\/p>\n\n\n\n<p><strong>NOUVEAU : <\/strong>PRISE de rendez-vous en ligne,   cliquer ici : <strong><a href=\"https:\/\/meet.brevo.com\/sandy-pedron\" data-type=\"link\" data-id=\"https:\/\/meet.brevo.com\/sandy-pedron\/rendez-vous-de-suivi\">AGENDA GOOGLE<\/a><\/strong><\/p>\n\n\n\n<p>31 rue de la Gare 22 000 Saint-Brieuc<\/p>\n\n\n\n<h1 class=\"wp-block-heading\"><strong>Art-th\u00e9rapie<\/strong><\/h1>\n\n\n\n<p class=\"has-text-align-left\"><strong>Pour exprimer vos maux autrement que par les mots<\/strong><\/p>\n\n\n\n<div class=\"wp-block-group is-vertical is-layout-flex wp-container-core-group-is-layout-8cf370e7 wp-block-group-is-layout-flex\">\n<figure class=\"wp-block-gallery has-nested-images columns-default is-cropped wp-block-gallery-1 is-layout-flex wp-block-gallery-is-layout-flex\">\n<figure class=\"wp-block-image size-full\"><img loading=\"lazy\" decoding=\"async\" width=\"2000\" height=\"2000\" data-id=\"332\" src=\"https:\/\/hypnose-emdr-saint-brieuc.fr\/wp-content\/uploads\/2025\/02\/1ndUhdX7mc-2dGRL34gRGNg.jpg\" alt=\"\" class=\"wp-image-332\" srcset=\"https:\/\/hypnose-emdr-saint-brieuc.fr\/wp-content\/uploads\/2025\/02\/1ndUhdX7mc-2dGRL34gRGNg.jpg 2000w, https:\/\/hypnose-emdr-saint-brieuc.fr\/wp-content\/uploads\/2025\/02\/1ndUhdX7mc-2dGRL34gRGNg-300x300.jpg 300w, https:\/\/hypnose-emdr-saint-brieuc.fr\/wp-content\/uploads\/2025\/02\/1ndUhdX7mc-2dGRL34gRGNg-1024x1024.jpg 1024w, https:\/\/hypnose-emdr-saint-brieuc.fr\/wp-content\/uploads\/2025\/02\/1ndUhdX7mc-2dGRL34gRGNg-150x150.jpg 150w, https:\/\/hypnose-emdr-saint-brieuc.fr\/wp-content\/uploads\/2025\/02\/1ndUhdX7mc-2dGRL34gRGNg-768x768.jpg 768w, https:\/\/hypnose-emdr-saint-brieuc.fr\/wp-content\/uploads\/2025\/02\/1ndUhdX7mc-2dGRL34gRGNg-1536x1536.jpg 1536w, https:\/\/hypnose-emdr-saint-brieuc.fr\/wp-content\/uploads\/2025\/02\/1ndUhdX7mc-2dGRL34gRGNg-100x100.jpg 100w\" sizes=\"auto, (max-width: 706px) 89vw, (max-width: 767px) 82vw, 740px\" \/><\/figure>\n<\/figure>\n\n\n\n<ul class=\"wp-block-list\">\n<li><strong>Le mieux-\u00eatre avec soi-m\u00eame<\/strong><\/li>\n\n\n\n<li><strong>La confiance en soi<\/strong><\/li>\n\n\n\n<li><strong>Stress post-traumatique<\/strong><\/li>\n\n\n\n<li><strong>Col\u00e8re<\/strong><\/li>\n\n\n\n<li><strong>Pulsion<\/strong><\/li>\n<\/ul>\n<\/div>\n\n\n\n<p><strong>Je vous propose deux m\u00e9thodes d\u2019Art-th\u00e9rapie: \u00e9ph\u00e9m\u00e8re ou la m\u00e9diation artistique. Le choix d&#8217;une des m\u00e9thodes  sera d\u00e9termin\u00e9 lors de l&#8217;entretien pr\u00e9alable pour une prise en charge personnalis\u00e9e.<\/strong><\/p>\n\n\n\n<div class=\"wp-block-group\"><div class=\"wp-block-group__inner-container is-layout-constrained wp-block-group-is-layout-constrained\">\n<p><strong>L\u2019ART THERAPIE \u00e9ph\u00e9m\u00e8re&nbsp;<\/strong>est une m\u00e9thode th\u00e9rapeutique pour exprimer vos maux autrement que par les mots.<\/p>\n\n\n\n<figure class=\"wp-block-gallery has-nested-images columns-default is-cropped wp-block-gallery-2 is-layout-flex wp-block-gallery-is-layout-flex\">\n<figure class=\"wp-block-image size-large\"><img loading=\"lazy\" decoding=\"async\" width=\"1024\" height=\"683\" data-id=\"493\" src=\"https:\/\/hypnose-emdr-saint-brieuc.fr\/wp-content\/uploads\/2025\/10\/DSC02434-1-1024x683.jpg\" alt=\"\" class=\"wp-image-493\" srcset=\"https:\/\/hypnose-emdr-saint-brieuc.fr\/wp-content\/uploads\/2025\/10\/DSC02434-1-1024x683.jpg 1024w, https:\/\/hypnose-emdr-saint-brieuc.fr\/wp-content\/uploads\/2025\/10\/DSC02434-1-300x200.jpg 300w, https:\/\/hypnose-emdr-saint-brieuc.fr\/wp-content\/uploads\/2025\/10\/DSC02434-1-768x512.jpg 768w, https:\/\/hypnose-emdr-saint-brieuc.fr\/wp-content\/uploads\/2025\/10\/DSC02434-1-1536x1024.jpg 1536w, https:\/\/hypnose-emdr-saint-brieuc.fr\/wp-content\/uploads\/2025\/10\/DSC02434-1-2048x1365.jpg 2048w\" sizes=\"auto, (max-width: 706px) 89vw, (max-width: 767px) 82vw, 740px\" \/><\/figure>\n<\/figure>\n\n\n\n<p>Des p\u00e9riodes ou des \u00e9v\u00e9nements de vie compliqu\u00e9s qui peuvent \u00eatre difficiles \u00e0 exprimer verbalement.<\/p>\n\n\n\n<p>Je mets en place dans mon cabinet de Saint-Brieuc, un espace \u00ab&nbsp;\u00e0 vous&nbsp;\u00bb qui vous permettera de vous exprimer diff\u00e9remment. Avec une formation dipl\u00f4mante d\u2019\u00e9tat en psychologie appliqu\u00e9e, et un axe psychanalytique personnalis\u00e9, cet espace que je mets en place est l\u00e0 pour vous permettre des \u00ab&nbsp;vacances psychiques&nbsp;\u00bb dans un cadre th\u00e9rapeutique s\u00e9curisant.<\/p>\n\n\n\n<p>Pas de pr\u00e9requis en art plastique, pas de contrainte de production, et aucun jugement sur ce qui est fait en s\u00e9ance.<\/p>\n\n\n\n<p><strong>Le d\u00e9roulement des s\u00e9ances \u00e9ph\u00e9m\u00e8res :&nbsp;<\/strong><\/p>\n\n\n\n<p>En d\u00e9but de s\u00e9ance, je vous propose une exploration po\u00e9tique \u00e9ph\u00e9m\u00e8re. Les s\u00e9ances peuvent se d\u00e9rouler dans le cadre d\u2019un groupe ou individuellement. Je mets en \u0153uvre un espace afin de vous permettre de vous exprimer par le biais de la cr\u00e9ativit\u00e9 et autrement que par les mots<strong>.<\/strong>&nbsp;Pour ce faire, je mettrais \u00e0 votre disposition, un dispositif \u00e9ph\u00e9m\u00e8re, sans contrainte de production. Je vous inviterais \u00e0 un bricolage psychique avec des \u00e9l\u00e9ments mise \u00e0 disposition. J\u2019indiquerais le rythme et le cadre des s\u00e9ances suivant un protocole qui sera adapt\u00e9 \u00e0 vous, o\u00f9 le respect de chaque \u201cun\u201d est n\u00e9cessaire.<\/p>\n<\/div><\/div>\n\n\n\n<p><strong>L\u2019ART THERAPIE ou m\u00e9diation artistique,&nbsp;<\/strong>est une m\u00e9thode th\u00e9rapeutique pour exprimer vos maux autrement que par les mots.<\/p>\n\n\n\n<p>Ce m\u00e9diant est bas\u00e9 plus sur les \u00e9motions et le ressenti en l\u2019exprimant via du collage, dessin, peinture, \u00e9criture ou sculpture. Ayant fait les beaux-arts je trouverais le m\u00e9diant qui vous convient le mieux. (Voir mon parcours dans l\u2019onglet <a href=\"https:\/\/hypnose-emdr-saint-brieuc.fr\/index.php\/qui-suis-je-votre-hypnotherapeute-st-brieuc\/\">\u00ab&nbsp;qui je suis&nbsp;\u00bb<\/a>)<\/p>\n\n\n\n<p><strong>Quelques citations :<\/strong><\/p>\n\n\n\n<p><strong><em>\u201cArt&nbsp;is&nbsp;the&nbsp;only&nbsp;way&nbsp;to&nbsp;run&nbsp;away&nbsp;without&nbsp;leaving&nbsp;home.\u201d-&nbsp;Twyla&nbsp;Tharp.<\/em><\/strong> (&#8220;l&#8217;art est le seul moyen de s&#8217;evader sans quitter ma maison&#8221;)<\/p>\n\n\n\n<p>L&#8217;art&nbsp;nous&nbsp;offre une&nbsp;\u00e9vasion,&nbsp;une&nbsp;mani\u00e8re&nbsp;de&nbsp;s&#8217;\u00e9vader&nbsp;des&nbsp;soucis&nbsp;du&nbsp;quotidien&nbsp;tout&nbsp;en&nbsp;restant&nbsp;ancr\u00e9 dans&nbsp;la&nbsp;r\u00e9alit\u00e9.<\/p>\n\n\n\n<p><strong><em>\u00ab&nbsp;L&#8217;art&nbsp;lave&nbsp;l&#8217;\u00e2me,&nbsp;de la&nbsp;poussi\u00e8re,&nbsp;de&nbsp;la&nbsp;vie&nbsp;quotidienne.&nbsp;\u00bb&nbsp;&#8211;&nbsp;Pablo&nbsp;Picasso<\/em><\/strong><\/p>\n\n\n\n<p>Picasso&nbsp;met&nbsp;en&nbsp;avant&nbsp;au combien&nbsp;l&#8217;art,&nbsp;peut&nbsp;purifier&nbsp;et&nbsp;revitaliser&nbsp;notre&nbsp;esprit,&nbsp;en&nbsp;nous lib\u00e9rant&nbsp;des&nbsp;tracas&nbsp;journaliers.&nbsp;Une&nbsp;vraie&nbsp;bouff\u00e9e&nbsp;d&#8217;air&nbsp;frais,&nbsp;non ?!<\/p>\n\n\n\n<p><strong>Code de d\u00e9ontologie que j&#8217;applique: LIGUE PROFESSIONNEL D&#8217;ART-TH\u00c9RAPIE dans le respect du Sujet et la singularit\u00e9 de chaque &#8220;un&#8221;.<\/strong><\/p>\n\n\n\n<p><strong>Afin de m&#8217;assurer de ma bonne pratique et de bien suivre le code de d\u00e9ontologie, je me fais superviser chaque mois par un pair, et je poursuis un suivi personnel par un psychiatre.<\/strong><\/p>\n\n\n\n<p><strong>Merci de me <a href=\"https:\/\/hypnose-emdr-saint-brieuc.fr\/index.php\/contractez-votre-hypnotherapeute-st-brieuc\/\">contacter<\/a> pour une prise de RDV <\/strong><\/p>\n\n\n\n<p>\u260e\ufe0f <strong>Sandy PEDRON &#8211; <a href=\"tel:0775727917\">07 75 72 79 17<\/a> <\/strong><em>\u260e\ufe0f<\/em><\/p>\n\n\n\n<p><strong>PRISE de rendez-vous en ligne, cliquer ici : <a href=\"https:\/\/meet.brevo.com\/sandy-pedron\" data-type=\"link\" data-id=\"https:\/\/meet.brevo.com\/sandy-pedron\/rendez-vous-de-suivi\">AGENDA GOOGLE<\/a><\/strong><\/p>\n\n\n\n<p>31 rue de la Gare 22 000 Saint-Brieuc<\/p>\n","protected":false},"excerpt":{"rendered":"<p>\u260e\ufe0f Sandy PEDRON &#8211; 07 75 72 79 17 \u260e\ufe0f NOUVEAU : PRISE de rendez-vous en ligne, cliquer ici : AGENDA GOOGLE 31 rue de la Gare 22 000 Saint-Brieuc Art-th\u00e9rapie Pour exprimer vos maux autrement que par les mots Je vous propose deux m\u00e9thodes d\u2019Art-th\u00e9rapie: \u00e9ph\u00e9m\u00e8re ou la m\u00e9diation artistique. Le choix d&#8217;une des &hellip; <\/p>\n<p class=\"link-more\"><a href=\"https:\/\/hypnose-emdr-saint-brieuc.fr\/index.php\/art-therapie-ephemere-votre-hypnotherapeute-st-brieuc\/\" class=\"more-link\">Continue reading<span class=\"screen-reader-text\"> &#8220;Art-th\u00e9rapie&#8221;<\/span><\/a><\/p>\n","protected":false},"author":1,"featured_media":0,"parent":0,"menu_order":0,"comment_status":"closed","ping_status":"closed","template":"","meta":{"footnotes":""},"class_list":["post-30","page","type-page","status-publish","hentry"],"_links":{"self":[{"href":"https:\/\/hypnose-emdr-saint-brieuc.fr\/index.php\/wp-json\/wp\/v2\/pages\/30","targetHints":{"allow":["GET"]}}],"collection":[{"href":"https:\/\/hypnose-emdr-saint-brieuc.fr\/index.php\/wp-json\/wp\/v2\/pages"}],"about":[{"href":"https:\/\/hypnose-emdr-saint-brieuc.fr\/index.php\/wp-json\/wp\/v2\/types\/page"}],"author":[{"embeddable":true,"href":"https:\/\/hypnose-emdr-saint-brieuc.fr\/index.php\/wp-json\/wp\/v2\/users\/1"}],"replies":[{"embeddable":true,"href":"https:\/\/hypnose-emdr-saint-brieuc.fr\/index.php\/wp-json\/wp\/v2\/comments?post=30"}],"version-history":[{"count":34,"href":"https:\/\/hypnose-emdr-saint-brieuc.fr\/index.php\/wp-json\/wp\/v2\/pages\/30\/revisions"}],"predecessor-version":[{"id":572,"href":"https:\/\/hypnose-emdr-saint-brieuc.fr\/index.php\/wp-json\/wp\/v2\/pages\/30\/revisions\/572"}],"wp:attachment":[{"href":"https:\/\/hypnose-emdr-saint-brieuc.fr\/index.php\/wp-json\/wp\/v2\/media?parent=30"}],"curies":[{"name":"wp","href":"https:\/\/api.w.org\/{rel}","templated":true}]}}