{"id":3,"date":"2024-10-03T17:38:45","date_gmt":"2024-10-03T15:38:45","guid":{"rendered":"http:\/\/hypnose-emdr-saint-brieuc.fr\/?page_id=3"},"modified":"2026-01-16T09:29:45","modified_gmt":"2026-01-16T08:29:45","slug":"contractez-votre-hypnotherapeute-st-brieuc","status":"publish","type":"page","link":"https:\/\/hypnose-emdr-saint-brieuc.fr\/index.php\/contractez-votre-hypnotherapeute-st-brieuc\/","title":{"rendered":"Contactez-moi"},"content":{"rendered":"\n<h1 class=\"wp-block-heading\"><strong>Contactez-moi<\/strong><\/h1>\n\n\n<div class=\"wp-block-image\">\n<figure class=\"aligncenter size-large is-resized\"><img loading=\"lazy\" decoding=\"async\" width=\"1024\" height=\"768\" src=\"https:\/\/hypnose-emdr-saint-brieuc.fr\/wp-content\/uploads\/2025\/11\/IMG_2429-1024x768.jpeg\" alt=\"\" class=\"wp-image-509\" style=\"width:410px;height:auto\" srcset=\"https:\/\/hypnose-emdr-saint-brieuc.fr\/wp-content\/uploads\/2025\/11\/IMG_2429-1024x768.jpeg 1024w, https:\/\/hypnose-emdr-saint-brieuc.fr\/wp-content\/uploads\/2025\/11\/IMG_2429-300x225.jpeg 300w, https:\/\/hypnose-emdr-saint-brieuc.fr\/wp-content\/uploads\/2025\/11\/IMG_2429-768x576.jpeg 768w, https:\/\/hypnose-emdr-saint-brieuc.fr\/wp-content\/uploads\/2025\/11\/IMG_2429-1536x1152.jpeg 1536w, https:\/\/hypnose-emdr-saint-brieuc.fr\/wp-content\/uploads\/2025\/11\/IMG_2429-2048x1536.jpeg 2048w\" sizes=\"auto, (max-width: 706px) 89vw, (max-width: 767px) 82vw, 740px\" \/><\/figure>\n<\/div>\n\n\n<ul class=\"wp-block-list\">\n<li><strong>Sandy PEDRON<\/strong><\/li>\n\n\n\n<li>31 rue de la Gare 22 000 Saint-Brieuc<\/li>\n\n\n\n<li class=\"has-medium-font-size\">\u260e\ufe0f <a href=\"tel:0775727917\"><strong>07 75 72 79 17<\/strong><\/a> <em>\u260e\ufe0f<\/em><\/li>\n\n\n\n<li><a href=\"mailto:sandy.pedron@hypnose-emdr-saint-brieuc.fr\"><strong>sandy.pedron@hypnose-emdr-saint-brieuc.fr<\/strong><\/a><\/li>\n\n\n\n<li>Privil\u00e9gier un appel t\u00e9l\u00e9phonique pour le premier rendez-vous, afin que l&#8217;on puisse voir ensembles les possibilit\u00e9s d&#8217;agenda.<\/li>\n<\/ul>\n\n\n\n<p><\/p>\n\n\n\n<ul class=\"wp-block-list\">\n<li><strong>PRISE de rendez-vous en ligne, cliquer ici : <a href=\"https:\/\/meet.brevo.com\/sandy-pedron\" data-type=\"link\" data-id=\"https:\/\/meet.brevo.com\/sandy-pedron\/rendez-vous-de-suivi\">AGENDA GOOGLE<\/a><\/strong><\/li>\n<\/ul>\n\n\n\n<p><\/p>\n\n\n\n<ul class=\"wp-block-list\">\n<li><a href=\"https:\/\/www.medecines-complementaires-alternatives.com\/annuaire-detail-15-1472-PEDRONSandy-SaintBrieuc-22.html\" data-type=\"link\" data-id=\"https:\/\/www.medecines-complementaires-alternatives.com\/annuaire-detail-15-1472-PEDRONSandy-SaintBrieuc-22.html\">Annuaire professionnel<\/a>, <\/li>\n<\/ul>\n\n\n\n<p><strong>Un rendez-vous dure en moyenne  1 heure <\/strong><\/p>\n\n\n\n<p>Voici la liste des parkings \u00e0 proximit\u00e9 :<\/p>\n\n\n\n<p><strong>Parking Gratuit <\/strong>proche de mon cabinet de St- Brieuc<\/p>\n\n\n\n<ul class=\"wp-block-list\">\n<li><strong>Octave-Brilleaud et Robien<\/strong>\n<ul class=\"wp-block-list\">\n<li><em>\u00e0 10 min \u00e0 pied du cabinet<\/em><\/li>\n\n\n\n<li><strong>2 heures de stationnement gratuit<\/strong>\n<ul class=\"wp-block-list\">\n<li>Ouvert 24h\/24 7J\/7<\/li>\n\n\n\n<li>Sortie possible \u00e0 toute heure avec badge ou ticket<\/li>\n\n\n\n<li>Gratuit de 19h \u00e0 9h, les dimanches et les jours f\u00e9ri\u00e9s<\/li>\n<\/ul>\n<\/li>\n<\/ul>\n<\/li>\n<\/ul>\n\n\n\n<p><strong>Parking Payant <\/strong>: gratuit les 30  premi\u00e8res minutes<\/p>\n\n\n\n<figure class=\"wp-block-image size-large\"><img loading=\"lazy\" decoding=\"async\" width=\"732\" height=\"1024\" src=\"https:\/\/hypnose-emdr-saint-brieuc.fr\/wp-content\/uploads\/2024\/11\/IMG_0845-2-732x1024.jpg\" alt=\"\" class=\"wp-image-234\" srcset=\"https:\/\/hypnose-emdr-saint-brieuc.fr\/wp-content\/uploads\/2024\/11\/IMG_0845-2-732x1024.jpg 732w, https:\/\/hypnose-emdr-saint-brieuc.fr\/wp-content\/uploads\/2024\/11\/IMG_0845-2-214x300.jpg 214w, https:\/\/hypnose-emdr-saint-brieuc.fr\/wp-content\/uploads\/2024\/11\/IMG_0845-2-768x1074.jpg 768w, https:\/\/hypnose-emdr-saint-brieuc.fr\/wp-content\/uploads\/2024\/11\/IMG_0845-2.jpg 1081w\" sizes=\"auto, (max-width: 732px) 100vw, 732px\" \/><\/figure>\n","protected":false},"excerpt":{"rendered":"<p>Contactez-moi Un rendez-vous dure en moyenne 1 heure Voici la liste des parkings \u00e0 proximit\u00e9 : Parking Gratuit proche de mon cabinet de St- Brieuc Parking Payant : gratuit les 30 premi\u00e8res minutes<\/p>\n","protected":false},"author":1,"featured_media":0,"parent":0,"menu_order":0,"comment_status":"closed","ping_status":"closed","template":"","meta":{"footnotes":""},"class_list":["post-3","page","type-page","status-publish","hentry"],"_links":{"self":[{"href":"https:\/\/hypnose-emdr-saint-brieuc.fr\/index.php\/wp-json\/wp\/v2\/pages\/3","targetHints":{"allow":["GET"]}}],"collection":[{"href":"https:\/\/hypnose-emdr-saint-brieuc.fr\/index.php\/wp-json\/wp\/v2\/pages"}],"about":[{"href":"https:\/\/hypnose-emdr-saint-brieuc.fr\/index.php\/wp-json\/wp\/v2\/types\/page"}],"author":[{"embeddable":true,"href":"https:\/\/hypnose-emdr-saint-brieuc.fr\/index.php\/wp-json\/wp\/v2\/users\/1"}],"replies":[{"embeddable":true,"href":"https:\/\/hypnose-emdr-saint-brieuc.fr\/index.php\/wp-json\/wp\/v2\/comments?post=3"}],"version-history":[{"count":40,"href":"https:\/\/hypnose-emdr-saint-brieuc.fr\/index.php\/wp-json\/wp\/v2\/pages\/3\/revisions"}],"predecessor-version":[{"id":561,"href":"https:\/\/hypnose-emdr-saint-brieuc.fr\/index.php\/wp-json\/wp\/v2\/pages\/3\/revisions\/561"}],"wp:attachment":[{"href":"https:\/\/hypnose-emdr-saint-brieuc.fr\/index.php\/wp-json\/wp\/v2\/media?parent=3"}],"curies":[{"name":"wp","href":"https:\/\/api.w.org\/{rel}","templated":true}]}}