{"id":28,"date":"2024-10-11T14:14:53","date_gmt":"2024-10-11T12:14:53","guid":{"rendered":"https:\/\/hypnose-emdr-saint-brieuc.fr\/?page_id=28"},"modified":"2026-02-02T11:00:27","modified_gmt":"2026-02-02T10:00:27","slug":"hypnose-medicale","status":"publish","type":"page","link":"https:\/\/hypnose-emdr-saint-brieuc.fr\/","title":{"rendered":"Hypnose m\u00e9dicale"},"content":{"rendered":"\n<p>\u260e\ufe0f <strong>Sandy PEDRON &#8211; <a href=\"tel:0775727917\">07 75 72 79 17<\/a><\/strong> <em>\u260e\ufe0f<\/em><\/p>\n\n\n\n<p><strong>NOUVEAU : <\/strong>PRISE de rendez-vous en ligne,   cliquer ici : <strong><a href=\"https:\/\/meet.brevo.com\/sandy-pedron\" data-type=\"link\" data-id=\"https:\/\/meet.brevo.com\/sandy-pedron\/rendez-vous-de-suivi\">AGENDA GOOGLE<\/a><\/strong><\/p>\n\n\n\n<p>31 rue de la Gare 22 000 Saint-Brieuc<\/p>\n\n\n\n<h1 class=\"wp-block-heading\"><strong>Hypnose m\u00e9dicale<\/strong><\/h1>\n\n\n\n<p><strong>Pour qui et pour quoi&nbsp;?<\/strong><\/p>\n\n\n\n<figure class=\"wp-block-gallery has-nested-images columns-default is-cropped wp-block-gallery-1 is-layout-flex wp-block-gallery-is-layout-flex\">\n<figure class=\"wp-block-image size-large\"><img loading=\"lazy\" decoding=\"async\" width=\"1024\" height=\"336\" data-id=\"452\" src=\"https:\/\/hypnose-emdr-saint-brieuc.fr\/wp-content\/uploads\/2025\/08\/bandeau-hypnose-therapeutique-1-1024x336-2.png\" alt=\"\" class=\"wp-image-452\" srcset=\"https:\/\/hypnose-emdr-saint-brieuc.fr\/wp-content\/uploads\/2025\/08\/bandeau-hypnose-therapeutique-1-1024x336-2.png 1024w, https:\/\/hypnose-emdr-saint-brieuc.fr\/wp-content\/uploads\/2025\/08\/bandeau-hypnose-therapeutique-1-1024x336-2-300x98.png 300w, https:\/\/hypnose-emdr-saint-brieuc.fr\/wp-content\/uploads\/2025\/08\/bandeau-hypnose-therapeutique-1-1024x336-2-768x252.png 768w\" sizes=\"auto, (max-width: 706px) 89vw, (max-width: 767px) 82vw, 740px\" \/><\/figure>\n<\/figure>\n\n\n\n<div class=\"wp-block-group is-nowrap is-layout-flex wp-container-core-group-is-layout-ad2f72ca wp-block-group-is-layout-flex\">\n<div class=\"wp-block-group is-nowrap is-layout-flex wp-container-core-group-is-layout-ad2f72ca wp-block-group-is-layout-flex\">\n<ul class=\"wp-block-list\">\n<li><strong>Le mieux-\u00eatre avec soi-m\u00eame<\/strong><\/li>\n\n\n\n<li><strong>La confiance en soi <\/strong><\/li>\n\n\n\n<li><strong>Addictions, tabac, alcool, sucre etc.<\/strong><\/li>\n\n\n\n<li><strong>Stress post-traumatique<\/strong><\/li>\n\n\n\n<li><strong>Douleurs chroniques<\/strong><\/li>\n\n\n\n<li><strong>Stress, anxi\u00e9t\u00e9<\/strong><\/li>\n\n\n\n<li><strong>Troubles du sommeil<\/strong><\/li>\n\n\n\n<li><strong>Phobies scolaires mais pas que&#8230;<\/strong><\/li>\n\n\n\n<li><strong>Troubles du comportement, alimentaires, TDAH&#8230;<\/strong><\/li>\n<\/ul>\n<\/div>\n<\/div>\n\n\n\n<blockquote class=\"wp-block-quote is-layout-flow wp-block-quote-is-layout-flow\">\n<p class=\"has-text-align-left\"><strong>Les bienfaits de l\u2019hypnose<\/strong><\/p>\n\n\n\n<p>L\u2019hypnose a des r\u00e9sultats&nbsp;concrets sur la sant\u00e9 mentale et physique. Elle est particuli\u00e8rement efficace pour g\u00e9rer&nbsp;<strong>le stress<\/strong>&nbsp;et&nbsp;<strong>l\u2019anxi\u00e9t\u00e9<\/strong>, vous aidant, dans mon cabinet a Saint-Brieuc, \u00e0 acc\u00e9der \u00e0 des \u00e9tats de relaxation profonde et \u00e0 reprogrammer vos r\u00e9ponses \u00e9motionnelles. De plus, l\u2019hypnose est utilis\u00e9e pour traiter&nbsp;<strong>des phobies<\/strong>,&nbsp;<strong>des troubles du sommeil, des addictions, troubles du comportement mais aussi alimentaires.<\/strong><\/p>\n\n\n\n<p>En m\u00e9decine g\u00e9n\u00e9rale, l\u2019hypnose est souvent prescrite comme compl\u00e9ment dans la&nbsp;<strong>gestion de la douleur<\/strong>. Par exemple, elle peut \u00eatre employ\u00e9e pour&nbsp;<strong>r\u00e9duire la douleur chronique<\/strong>, faciliter les accouchements, ou m\u00eame comme alternative \u00e0 l\u2019anesth\u00e9sie dans certaines interventions chirurgicales. Les patients sous hypnose peuvent souvent r\u00e9duire leur consommation de m\u00e9dicaments analg\u00e9siques, ce qui diminue les risques d\u2019effets secondaires. Mais en aucun cas, remplace les traitements prescrits.<\/p>\n\n\n\n<p>Mais <strong>la confiance en soi et la performance, le mieux-\u00eatre sur soi-m\u00eame<\/strong><\/p>\n\n\n\n<p>En acc\u00e9dant \u00e0 l\u2019inconscient, vous pouvez surmonter les blocages mentaux et atteindre leurs objectifs plus efficacement.<\/p>\n\n\n\n<p><strong>Je suis certifi\u00e9e par  l\u2019 A.C.C.H, 440 heures sur deux ans, avec le Dr Pascal Vesproumis&nbsp;<\/strong>m\u00e9decin g\u00e9n\u00e9raliste, addictologue, DIU TDAH anciennement install\u00e9 \u00e0 Saint-Brieuc. Voir \u00ab&nbsp;<a href=\"https:\/\/hypnose-emdr-saint-brieuc.fr\/index.php\/qui-suis-je-votre-hypnotherapeute-st-brieuc\/\">qui suis-je<\/a>&nbsp;\u00bb pour voir mon parcours de formation.<\/p>\n\n\n\n<p><strong>Comment se passe une s\u00e9ance d\u2019hypnose m\u00e9dicale<\/strong><\/p>\n\n\n\n<ul class=\"wp-block-list\">\n<li><strong>Entretien pr\u00e9alable&nbsp;:<\/strong><\/li>\n<\/ul>\n\n\n\n<p>Dans un premier temps, il est important de faire connaissance. Je vous poserais des questions sur vous, votre environnement, ce qui vous anime et ce qui vous perturbe, ce que vous voulez changer, travailler, ce qui vous d\u00e9range etc\u2026 suivant notre \u00e9change je vous proposerais un protocole de soin adapt\u00e9 \u00e0 vos besoins et si vous acceptez que nous travaillons ensemble nous pourrons commencer les s\u00e9ances.<\/p>\n\n\n\n<ul class=\"wp-block-list\">\n<li><strong>S\u00e9ance hypnotique<\/strong><\/li>\n<\/ul>\n\n\n\n<p>La premi\u00e8re s\u00e9ance dans mon cabinet d\u2019hypnose \u00e0 Saint-Brieuc, je pratiquerais des exercices rapides pour vous faire d\u00e9couvrir l\u2019hypnose et observer votre fa\u00e7on de r\u00e9agir. Puis, je vous proposerais une s\u00e9ance d\u2019hypnose conversationnelle, commun\u00e9ment appel\u00e9e&nbsp;<strong>hypnose Ericksonienne<\/strong>, cette pratique utilise des m\u00e9taphores en ad\u00e9quation avec votre demande de changement afin commencer le travaille sur vous m\u00eame.<\/p>\n\n\n\n<p><strong>Dans une s\u00e9ance hypnotique vous serez parfaitement conscient de votre environnement.<\/strong><\/p>\n\n\n\n<p><strong>L\u2019hypnose est un \u00e9tat modifi\u00e9 de conscience<\/strong>&nbsp;dans lequel vous serez profond\u00e9ment d\u00e9tendu et concentr\u00e9. Cet \u00e9tat modifi\u00e9 que je mets en place, vous donne l\u2019opportunit\u00e9 de changer de vision ou de prisme sur votre probl\u00e9matique.<\/p>\n\n\n\n<ul class=\"wp-block-list\">\n<li><strong>Fin de s\u00e9ance<\/strong><\/li>\n<\/ul>\n\n\n\n<p>Une r\u00e9association est pratiqu\u00e9e et nous \u00e9changerons sur la s\u00e9ance.<\/p>\n\n\n\n<ul class=\"wp-block-list\">\n<li><strong>Reprise de rendez-vous&nbsp;<\/strong>\u00e0 mon cabinet de Saint-Brieuc<\/li>\n<\/ul>\n\n\n\n<p><strong>Comment fonctionne l\u2019hypnose<\/strong><\/p>\n\n\n\n<p>L\u2019hypnose est un \u00e9tat modifi\u00e9 de conscience<strong>,&nbsp;<\/strong>cet \u00e9tat permet d\u2019acc\u00e9der \u00e0 l\u2019inconscient, o\u00f9 se trouvent des ressources et des souvenirs souvent inaccessibles en \u00e9tat de veille normale. L\u2019hypnose fonctionne principalement par la suggestion, dans laquelle je vous guide  \u00e0 travers des images mentales et des m\u00e9taphores pour atteindre des objectifs sp\u00e9cifiques.<\/p>\n\n\n\n<p>Plusieurs m\u00e9thodes hypnotiques sont pratiqu\u00e9es. L\u2019hypnose classique utilise des suggestions directes pour induire des changements de comportement, tandis que l\u2019hypnose Ericksonienne, d\u00e9velopp\u00e9e par Milton Erickson, utilise des suggestions indirectes et des m\u00e9taphores pour permettre \u00e0 l\u2019inconscient de trouver ses propres solutions.<\/p>\n\n\n\n<p><strong>Afin de m&#8217;assurer de ma bonne pratique et de bien suivre le code de d\u00e9ontologie, je me fais superviser chaque mois par un pair, et je poursuis un suivi personnel par un psychiatre.<\/strong><\/p>\n\n\n\n<p><strong>Merci de me <a href=\"https:\/\/hypnose-emdr-saint-brieuc.fr\/index.php\/contractez-votre-hypnotherapeute-st-brieuc\/\">contacter<\/a> pour une prise de RDV <\/strong><\/p>\n\n\n\n<p>\u260e\ufe0f <strong>Sandy PEDRON &#8211; <a href=\"tel:0775727917\">07 75 72 79 17<\/a><\/strong> <em>\u260e\ufe0f<\/em><\/p>\n\n\n\n<p><strong>PRISE de rendez-vous en ligne, cliquer ici : <a href=\"https:\/\/meet.brevo.com\/sandy-pedron\" data-type=\"link\" data-id=\"https:\/\/meet.brevo.com\/sandy-pedron\/rendez-vous-de-suivi\">AGENDA GOOGLE<\/a><\/strong><\/p>\n\n\n\n<p>31 rue de la Gare 22 000 Saint-Brieuc<\/p>\n<\/blockquote>\n","protected":false},"excerpt":{"rendered":"<p>\u260e\ufe0f Sandy PEDRON &#8211; 07 75 72 79 17 \u260e\ufe0f NOUVEAU : PRISE de rendez-vous en ligne, cliquer ici : AGENDA GOOGLE 31 rue de la Gare 22 000 Saint-Brieuc Hypnose m\u00e9dicale Pour qui et pour quoi&nbsp;?<\/p>\n","protected":false},"author":1,"featured_media":0,"parent":0,"menu_order":0,"comment_status":"open","ping_status":"closed","template":"","meta":{"footnotes":""},"class_list":["post-28","page","type-page","status-publish","hentry"],"_links":{"self":[{"href":"https:\/\/hypnose-emdr-saint-brieuc.fr\/index.php\/wp-json\/wp\/v2\/pages\/28","targetHints":{"allow":["GET"]}}],"collection":[{"href":"https:\/\/hypnose-emdr-saint-brieuc.fr\/index.php\/wp-json\/wp\/v2\/pages"}],"about":[{"href":"https:\/\/hypnose-emdr-saint-brieuc.fr\/index.php\/wp-json\/wp\/v2\/types\/page"}],"author":[{"embeddable":true,"href":"https:\/\/hypnose-emdr-saint-brieuc.fr\/index.php\/wp-json\/wp\/v2\/users\/1"}],"replies":[{"embeddable":true,"href":"https:\/\/hypnose-emdr-saint-brieuc.fr\/index.php\/wp-json\/wp\/v2\/comments?post=28"}],"version-history":[{"count":56,"href":"https:\/\/hypnose-emdr-saint-brieuc.fr\/index.php\/wp-json\/wp\/v2\/pages\/28\/revisions"}],"predecessor-version":[{"id":570,"href":"https:\/\/hypnose-emdr-saint-brieuc.fr\/index.php\/wp-json\/wp\/v2\/pages\/28\/revisions\/570"}],"wp:attachment":[{"href":"https:\/\/hypnose-emdr-saint-brieuc.fr\/index.php\/wp-json\/wp\/v2\/media?parent=28"}],"curies":[{"name":"wp","href":"https:\/\/api.w.org\/{rel}","templated":true}]}}