{"id":2,"date":"2024-10-03T17:38:45","date_gmt":"2024-10-03T15:38:45","guid":{"rendered":"http:\/\/hypnose-emdr-saint-brieuc.fr\/?page_id=2"},"modified":"2026-03-12T16:37:49","modified_gmt":"2026-03-12T15:37:49","slug":"qui-suis-je-votre-hypnotherapeute-st-brieuc","status":"publish","type":"page","link":"https:\/\/hypnose-emdr-saint-brieuc.fr\/index.php\/qui-suis-je-votre-hypnotherapeute-st-brieuc\/","title":{"rendered":"Qui suis-je"},"content":{"rendered":"\n<p><strong>Sandy PEDRON<\/strong><\/p>\n\n\n\n<p>31 rue de la Gare 22 000 Saint-Brieuc<\/p>\n\n\n\n<p>&nbsp;&nbsp;\u260e\ufe0f <a href=\"tel:0775727917\"><strong>07 75 72 79 17<\/strong><\/a>&nbsp;\u260e\ufe0f<\/p>\n\n\n\n<p><strong>PRISE de rendez-vous en ligne, cliquer ici : <a href=\"https:\/\/meet.brevo.com\/sandy-pedron\" data-type=\"link\" data-id=\"https:\/\/meet.brevo.com\/sandy-pedron\/rendez-vous-de-suivi\">AGENDA GOOGLE<\/a><\/strong><\/p>\n\n\n<div class=\"wp-block-image\">\n<figure class=\"alignleft size-large is-resized\"><img loading=\"lazy\" decoding=\"async\" width=\"1024\" height=\"576\" src=\"https:\/\/hypnose-emdr-saint-brieuc.fr\/wp-content\/uploads\/2024\/11\/A80A77BF-168C-4D31-96DF-65D45B6FC85D-1024x576.jpg\" alt=\"\" class=\"wp-image-245\" style=\"width:343px;height:auto\" srcset=\"https:\/\/hypnose-emdr-saint-brieuc.fr\/wp-content\/uploads\/2024\/11\/A80A77BF-168C-4D31-96DF-65D45B6FC85D-1024x576.jpg 1024w, https:\/\/hypnose-emdr-saint-brieuc.fr\/wp-content\/uploads\/2024\/11\/A80A77BF-168C-4D31-96DF-65D45B6FC85D-300x169.jpg 300w, https:\/\/hypnose-emdr-saint-brieuc.fr\/wp-content\/uploads\/2024\/11\/A80A77BF-168C-4D31-96DF-65D45B6FC85D-768x432.jpg 768w, https:\/\/hypnose-emdr-saint-brieuc.fr\/wp-content\/uploads\/2024\/11\/A80A77BF-168C-4D31-96DF-65D45B6FC85D-1536x864.jpg 1536w, https:\/\/hypnose-emdr-saint-brieuc.fr\/wp-content\/uploads\/2024\/11\/A80A77BF-168C-4D31-96DF-65D45B6FC85D-2048x1153.jpg 2048w\" sizes=\"auto, (max-width: 706px) 89vw, (max-width: 767px) 82vw, 740px\" \/><\/figure>\n<\/div>\n\n\n<h1 class=\"wp-block-heading\"><strong>Qui suis-je?<\/strong><\/h1>\n\n\n\n<p>Je suis n\u00e9e \u00e0 Saint-Brieuc et je vis dans le bassin briochin depuis plus de vingt ans.<\/p>\n\n\n\n<p>Mon parcours professionnel m&#8217;a conduit \u00e0 collaborer \u00e9troitement avec des m\u00e9decins et des pharmaciens, enrichissant ainsi mon exp\u00e9rience dans le domaine de la sant\u00e9.<\/p>\n\n\n\n<p><strong>&#8211; R\u00e9orientation professionnelle et formation en hypnose m\u00e9dicale<\/strong><\/p>\n\n\n\n<p>Lors de ma r\u00e9orientation professionnelle, j&#8217;ai eu l&#8217;opportunit\u00e9 de me former pendant deux ans (soit 440 heures) aupr\u00e8s du Dr Vesproumis, alors exer\u00e7ant \u00e0 Saint-Brieuc avant de d\u00e9m\u00e9nager \u00e0 Paris puis \u00e0 Annecy. Le Dr Vesproumis, sp\u00e9cialiste en addiction et troubles du comportement, m&#8217;a transmis une solide formation en hypnose m\u00e9dicale, renfor\u00e7ant ma comp\u00e9tence professionnelle dans ce domaine.<\/p>\n\n\n\n<figure class=\"wp-block-image size-full is-resized\"><img loading=\"lazy\" decoding=\"async\" width=\"898\" height=\"640\" src=\"https:\/\/hypnose-emdr-saint-brieuc.fr\/wp-content\/uploads\/2025\/02\/image.png\" alt=\"\" class=\"wp-image-361\" style=\"width:600px;height:auto\" srcset=\"https:\/\/hypnose-emdr-saint-brieuc.fr\/wp-content\/uploads\/2025\/02\/image.png 898w, https:\/\/hypnose-emdr-saint-brieuc.fr\/wp-content\/uploads\/2025\/02\/image-300x214.png 300w, https:\/\/hypnose-emdr-saint-brieuc.fr\/wp-content\/uploads\/2025\/02\/image-768x547.png 768w\" sizes=\"auto, (max-width: 706px) 89vw, (max-width: 767px) 82vw, 740px\" \/><\/figure>\n\n\n\n<p><strong>&#8211; Sp\u00e9cialisation en psychologie appliqu\u00e9e et art-th\u00e9rapie<\/strong>&nbsp;<\/p>\n\n\n\n<p>Pour approfondir mes connaissances, j&#8217;ai poursuivi mes \u00e9tudes avec un Master 2 en psychologie appliqu\u00e9e (sois 1138 heures dont 310 heures de stages), avec une orientation psychanalytique sp\u00e9cialis\u00e9e en art-th\u00e9rapie \u00e9ph\u00e9m\u00e8re <strong><em>(Profac dipl\u00f4me d&#8217;\u00e9tat RNCP 36899)<\/em><\/strong> qui m&#8217;a rem\u00e9mor\u00e9 mes \u00e9tudes des beaux-arts \u00e0 Saint-Brieuc d&#8217;un point de vue cr\u00e9ativit\u00e9.<\/p>\n\n\n\n<p>Cette formation m&#8217;a permise d&#8217;acqu\u00e9rir des solides connaissances sur la sant\u00e9 mentale et les troubles associ\u00e9s.<\/p>\n\n\n\n<p><strong><em>Cette formation ne pr\u00e9tend pas que je sois psychologue ou m\u00e9decin.<\/em><\/strong><\/p>\n\n\n\n<figure class=\"wp-block-gallery has-nested-images columns-default is-cropped wp-block-gallery-1 is-layout-flex wp-block-gallery-is-layout-flex\">\n<figure class=\"wp-block-image size-large\"><img loading=\"lazy\" decoding=\"async\" width=\"1024\" height=\"742\" data-id=\"400\" src=\"https:\/\/hypnose-emdr-saint-brieuc.fr\/wp-content\/uploads\/2025\/04\/Diplome-ATC-site-droit-1024x742.jpeg\" alt=\"\" class=\"wp-image-400\" srcset=\"https:\/\/hypnose-emdr-saint-brieuc.fr\/wp-content\/uploads\/2025\/04\/Diplome-ATC-site-droit-1024x742.jpeg 1024w, https:\/\/hypnose-emdr-saint-brieuc.fr\/wp-content\/uploads\/2025\/04\/Diplome-ATC-site-droit-300x218.jpeg 300w, https:\/\/hypnose-emdr-saint-brieuc.fr\/wp-content\/uploads\/2025\/04\/Diplome-ATC-site-droit-768x557.jpeg 768w, https:\/\/hypnose-emdr-saint-brieuc.fr\/wp-content\/uploads\/2025\/04\/Diplome-ATC-site-droit-1536x1114.jpeg 1536w, https:\/\/hypnose-emdr-saint-brieuc.fr\/wp-content\/uploads\/2025\/04\/Diplome-ATC-site-droit.jpeg 1600w\" sizes=\"auto, (max-width: 706px) 89vw, (max-width: 767px) 82vw, 740px\" \/><\/figure>\n<\/figure>\n\n\n\n<p><strong>&#8211; Psychotraumatisme et EMDR<\/strong><\/p>\n\n\n\n<p>Durant la formation en psychologie appliqu\u00e9e en art-th\u00e9rapie, j&#8217;ai effectu\u00e9 un stage en h\u00f4pital p\u00e9dopsychiatrie dans des unit\u00e9s ferm\u00e9es, o\u00f9 j&#8217;ai pu me sp\u00e9cialiser dans le traitement des troubles comportementaux l\u00e9gers \u00e0 s\u00e9v\u00e8res chez les enfants et les adolescents.<\/p>\n\n\n\n<p>Cette exp\u00e9rience enrichissante m&#8217;a motiv\u00e9e \u00e0 me former davantage en psychotraumatisme et en EMDR-IMO <em>(Eye Movement Desensitization and Reprocessing &#8211; Int\u00e9gration par les Mouvements Oculaires)<\/em>, ajoutant ainsi des outils th\u00e9rapeutiques pr\u00e9cieux \u00e0 ma pratique.<strong> <em>(<a href=\"https:\/\/www.france-emdr-imo.fr\/Sandy-PEDRON_a118.html\">France EMDR-IMO <\/a>avec Laurence Adjadj psychologue clinicienne et Laurent Gross pr\u00e9sident)<\/em><\/strong>.<\/p>\n\n\n\n<figure class=\"wp-block-image size-full\"><img loading=\"lazy\" decoding=\"async\" width=\"600\" height=\"424\" src=\"https:\/\/hypnose-emdr-saint-brieuc.fr\/wp-content\/uploads\/2025\/02\/Diplome-EMDR.jpg\" alt=\"\" class=\"wp-image-358\" srcset=\"https:\/\/hypnose-emdr-saint-brieuc.fr\/wp-content\/uploads\/2025\/02\/Diplome-EMDR.jpg 600w, https:\/\/hypnose-emdr-saint-brieuc.fr\/wp-content\/uploads\/2025\/02\/Diplome-EMDR-300x212.jpg 300w\" sizes=\"auto, (max-width: 600px) 100vw, 600px\" \/><\/figure>\n\n\n\n<p><strong>Afin de m&#8217;assurer de ma bonne pratique et de bien suivre le code de d\u00e9ontologie, je me fais superviser chaque mois par un pair, et je poursuis un suivi personnel par un psychiatre.<\/strong><\/p>\n\n\n\n<p><strong>FORMATION CONTINUE<\/strong><\/p>\n\n\n\n<div data-wp-interactive=\"core\/file\" class=\"wp-block-file\"><object data-wp-bind--hidden=\"!state.hasPdfPreview\" hidden class=\"wp-block-file__embed\" data=\"https:\/\/hypnose-emdr-saint-brieuc.fr\/wp-content\/uploads\/2026\/03\/Attestation-sevrage-tabagique-Sandy-PEDRON98.pdf\" type=\"application\/pdf\" style=\"width:100%;height:600px\" aria-label=\"Embed of Attestation sevrage tabagique- Sandy PEDRON[98].\"><\/object><a id=\"wp-block-file--media-030082be-3086-4644-9b3a-2a7c7f1e1adc\" href=\"https:\/\/hypnose-emdr-saint-brieuc.fr\/wp-content\/uploads\/2026\/03\/Attestation-sevrage-tabagique-Sandy-PEDRON98.pdf\">Attestation sevrage tabagique- Sandy PEDRON[98]<\/a><a href=\"https:\/\/hypnose-emdr-saint-brieuc.fr\/wp-content\/uploads\/2026\/03\/Attestation-sevrage-tabagique-Sandy-PEDRON98.pdf\" class=\"wp-block-file__button wp-element-button\" download aria-describedby=\"wp-block-file--media-030082be-3086-4644-9b3a-2a7c7f1e1adc\">Download<\/a><\/div>\n\n\n\n<div data-wp-interactive=\"core\/file\" class=\"wp-block-file\"><object data-wp-bind--hidden=\"!state.hasPdfPreview\" hidden class=\"wp-block-file__embed\" data=\"https:\/\/hypnose-emdr-saint-brieuc.fr\/wp-content\/uploads\/2026\/03\/Attestation-SOMMEIL-Sandy-PEDRON.pdf\" type=\"application\/pdf\" style=\"width:100%;height:600px\" aria-label=\"Embed of Attestation SOMMEIL- Sandy PEDRON.\"><\/object><a id=\"wp-block-file--media-3dc3a327-b6da-49ed-8b23-d201601d96ee\" href=\"https:\/\/hypnose-emdr-saint-brieuc.fr\/wp-content\/uploads\/2026\/03\/Attestation-SOMMEIL-Sandy-PEDRON.pdf\">Attestation SOMMEIL- Sandy PEDRON<\/a><a href=\"https:\/\/hypnose-emdr-saint-brieuc.fr\/wp-content\/uploads\/2026\/03\/Attestation-SOMMEIL-Sandy-PEDRON.pdf\" class=\"wp-block-file__button wp-element-button\" download aria-describedby=\"wp-block-file--media-3dc3a327-b6da-49ed-8b23-d201601d96ee\">Download<\/a><\/div>\n\n\n\n<div data-wp-interactive=\"core\/file\" class=\"wp-block-file\"><object data-wp-bind--hidden=\"!state.hasPdfPreview\" hidden class=\"wp-block-file__embed\" data=\"https:\/\/hypnose-emdr-saint-brieuc.fr\/wp-content\/uploads\/2026\/03\/Attestation-induction-F-Roustan-Sandy-PEDRON.pdf\" type=\"application\/pdf\" style=\"width:100%;height:600px\" aria-label=\"Embed of Attestation induction F-Roustan- Sandy PEDRON.\"><\/object><a id=\"wp-block-file--media-d5a7b76b-47b0-48b0-b164-5a4384b003fc\" href=\"https:\/\/hypnose-emdr-saint-brieuc.fr\/wp-content\/uploads\/2026\/03\/Attestation-induction-F-Roustan-Sandy-PEDRON.pdf\">Attestation induction F-Roustan- Sandy PEDRON<\/a><a href=\"https:\/\/hypnose-emdr-saint-brieuc.fr\/wp-content\/uploads\/2026\/03\/Attestation-induction-F-Roustan-Sandy-PEDRON.pdf\" class=\"wp-block-file__button wp-element-button\" download aria-describedby=\"wp-block-file--media-d5a7b76b-47b0-48b0-b164-5a4384b003fc\">Download<\/a><\/div>\n","protected":false},"excerpt":{"rendered":"<p>Sandy PEDRON 31 rue de la Gare 22 000 Saint-Brieuc &nbsp;&nbsp;\u260e\ufe0f 07 75 72 79 17&nbsp;\u260e\ufe0f PRISE de rendez-vous en ligne, cliquer ici : AGENDA GOOGLE Qui suis-je? Je suis n\u00e9e \u00e0 Saint-Brieuc et je vis dans le bassin briochin depuis plus de vingt ans. Mon parcours professionnel m&#8217;a conduit \u00e0 collaborer \u00e9troitement avec des &hellip; <\/p>\n<p class=\"link-more\"><a href=\"https:\/\/hypnose-emdr-saint-brieuc.fr\/index.php\/qui-suis-je-votre-hypnotherapeute-st-brieuc\/\" class=\"more-link\">Continue reading<span class=\"screen-reader-text\"> &#8220;Qui suis-je&#8221;<\/span><\/a><\/p>\n","protected":false},"author":1,"featured_media":11,"parent":0,"menu_order":0,"comment_status":"closed","ping_status":"closed","template":"","meta":{"footnotes":""},"class_list":["post-2","page","type-page","status-publish","has-post-thumbnail","hentry"],"_links":{"self":[{"href":"https:\/\/hypnose-emdr-saint-brieuc.fr\/index.php\/wp-json\/wp\/v2\/pages\/2","targetHints":{"allow":["GET"]}}],"collection":[{"href":"https:\/\/hypnose-emdr-saint-brieuc.fr\/index.php\/wp-json\/wp\/v2\/pages"}],"about":[{"href":"https:\/\/hypnose-emdr-saint-brieuc.fr\/index.php\/wp-json\/wp\/v2\/types\/page"}],"author":[{"embeddable":true,"href":"https:\/\/hypnose-emdr-saint-brieuc.fr\/index.php\/wp-json\/wp\/v2\/users\/1"}],"replies":[{"embeddable":true,"href":"https:\/\/hypnose-emdr-saint-brieuc.fr\/index.php\/wp-json\/wp\/v2\/comments?post=2"}],"version-history":[{"count":35,"href":"https:\/\/hypnose-emdr-saint-brieuc.fr\/index.php\/wp-json\/wp\/v2\/pages\/2\/revisions"}],"predecessor-version":[{"id":580,"href":"https:\/\/hypnose-emdr-saint-brieuc.fr\/index.php\/wp-json\/wp\/v2\/pages\/2\/revisions\/580"}],"wp:featuredmedia":[{"embeddable":true,"href":"https:\/\/hypnose-emdr-saint-brieuc.fr\/index.php\/wp-json\/wp\/v2\/media\/11"}],"wp:attachment":[{"href":"https:\/\/hypnose-emdr-saint-brieuc.fr\/index.php\/wp-json\/wp\/v2\/media?parent=2"}],"curies":[{"name":"wp","href":"https:\/\/api.w.org\/{rel}","templated":true}]}}